{"id":364,"date":"2025-10-16T12:09:24","date_gmt":"2025-10-16T10:09:24","guid":{"rendered":"https:\/\/denisegottanichef.it\/?page_id=364"},"modified":"2025-11-20T11:20:12","modified_gmt":"2025-11-20T10:20:12","slug":"faq","status":"publish","type":"page","link":"https:\/\/denisegottanichef.it\/?page_id=364","title":{"rendered":"FAQ"},"content":{"rendered":"\t\t<div data-elementor-type=\"wp-page\" data-elementor-id=\"364\" class=\"elementor elementor-364\" data-elementor-post-type=\"page\">\n\t\t\t\t<div class=\"elementor-element elementor-element-e8f2654 e-con-full e-flex e-con e-parent\" data-id=\"e8f2654\" data-element_type=\"container\" data-settings=\"{&quot;background_background&quot;:&quot;classic&quot;}\">\n\t\t<div class=\"elementor-element elementor-element-618a70d e-con-full e-flex e-con e-child\" data-id=\"618a70d\" data-element_type=\"container\">\n\t\t<div class=\"elementor-element elementor-element-590f114 e-con-full e-flex e-con e-child\" data-id=\"590f114\" data-element_type=\"container\">\n\t\t\t\t<div class=\"elementor-element elementor-element-6c4d311 elementor-widget elementor-widget-heading\" data-id=\"6c4d311\" data-element_type=\"widget\" data-widget_type=\"heading.default\">\n\t\t\t\t\t<h2 class=\"elementor-heading-title elementor-size-default\">Le tue domande<\/h2>\t\t\t\t<\/div>\n\t\t\t\t<div class=\"elementor-element elementor-element-8637816 elementor-widget elementor-widget-heading\" data-id=\"8637816\" data-element_type=\"widget\" data-widget_type=\"heading.default\">\n\t\t\t\t\t<h2 class=\"elementor-heading-title elementor-size-default\">le mie risposte<\/h2>\t\t\t\t<\/div>\n\t\t\t\t<\/div>\n\t\t\t\t<div class=\"elementor-element elementor-element-4bf8187 elementor-widget elementor-widget-text-editor\" data-id=\"4bf8187\" data-element_type=\"widget\" data-widget_type=\"text-editor.default\">\n\t\t\t\t\t\t\t\t\t<p>So che organizzare una cena speciale porta con s\u00e9 tanti dubbi. Qui trovi le risposte pi\u00f9 comuni, cos\u00ec arrivi sereno al grande momento.<\/p>\t\t\t\t\t\t\t\t<\/div>\n\t\t\t\t<\/div>\n\t\t\t\t<\/div>\n\t\t<div class=\"elementor-element elementor-element-8c3f89f e-con-full e-flex e-con e-parent\" data-id=\"8c3f89f\" data-element_type=\"container\">\n\t\t\t\t<div class=\"elementor-element elementor-element-0ef3c0a elementor-widget elementor-widget-n-accordion\" data-id=\"0ef3c0a\" data-element_type=\"widget\" data-settings=\"{&quot;n_accordion_animation_duration&quot;:{&quot;unit&quot;:&quot;ms&quot;,&quot;size&quot;:300,&quot;sizes&quot;:[]},&quot;default_state&quot;:&quot;expanded&quot;,&quot;max_items_expended&quot;:&quot;one&quot;}\" data-widget_type=\"nested-accordion.default\">\n\t\t\t\t\t\t\t<div class=\"e-n-accordion\" aria-label=\"Accordion. Open links with Enter or Space, close with Escape, and navigate with Arrow Keys\">\n\t\t\t\t\t\t<details id=\"e-n-accordion-item-1560\" class=\"e-n-accordion-item\" open>\n\t\t\t\t<summary class=\"e-n-accordion-item-title\" data-accordion-index=\"1\" tabindex=\"0\" aria-expanded=\"true\" aria-controls=\"e-n-accordion-item-1560\" >\n\t\t\t\t\t<span class='e-n-accordion-item-title-header'><div class=\"e-n-accordion-item-title-text\"> Che differenza c\u2019\u00e8 tra un personal chef e un catering? <\/div><\/span>\n\t\t\t\t\t\t\t\t\t<\/summary>\n\t\t\t\t<div role=\"region\" aria-labelledby=\"e-n-accordion-item-1560\" class=\"elementor-element elementor-element-806ca80 e-con-full e-flex e-con e-child\" data-id=\"806ca80\" data-element_type=\"container\">\n\t\t<div role=\"region\" aria-labelledby=\"e-n-accordion-item-1560\" class=\"elementor-element elementor-element-33b4cf7 e-con-full e-flex e-con e-child\" data-id=\"33b4cf7\" data-element_type=\"container\">\n\t\t\t\t<div class=\"elementor-element elementor-element-b02a000 elementor-widget elementor-widget-text-editor\" data-id=\"b02a000\" data-element_type=\"widget\" data-widget_type=\"text-editor.default\">\n\t\t\t\t\t\t\t\t\t<p><span style=\"font-weight: 400;\">Un catering porta un men\u00f9 gi\u00e0 definito e uguale per tutti. Io invece creo un men\u00f9 <\/span><b>su misura<\/b><span style=\"font-weight: 400;\">, ascoltando i tuoi gusti, le tue esigenze e l\u2019atmosfera che vuoi per la tua serata. La differenza sta nella cura personale: ogni piatto \u00e8 pensato per te.<\/span><\/p>\t\t\t\t\t\t\t\t<\/div>\n\t\t\t\t<\/div>\n\t\t\t\t<\/div>\n\t\t\t\t\t<\/details>\n\t\t\t\t\t\t<details id=\"e-n-accordion-item-1561\" class=\"e-n-accordion-item\" >\n\t\t\t\t<summary class=\"e-n-accordion-item-title\" data-accordion-index=\"2\" tabindex=\"-1\" aria-expanded=\"false\" aria-controls=\"e-n-accordion-item-1561\" >\n\t\t\t\t\t<span class='e-n-accordion-item-title-header'><div class=\"e-n-accordion-item-title-text\"> Come faccio a prenotare? <\/div><\/span>\n\t\t\t\t\t\t\t\t\t<\/summary>\n\t\t\t\t<div role=\"region\" aria-labelledby=\"e-n-accordion-item-1561\" class=\"elementor-element elementor-element-2d6f484 e-con-full e-flex e-con e-child\" data-id=\"2d6f484\" data-element_type=\"container\">\n\t\t\t\t<div class=\"elementor-element elementor-element-8f374d5 elementor-widget elementor-widget-text-editor\" data-id=\"8f374d5\" data-element_type=\"widget\" data-widget_type=\"text-editor.default\">\n\t\t\t\t\t\t\t\t\t<p><span style=\"font-weight: 400;\">Dal sito puoi fissare una <\/span><b>chiamata conoscitiva gratuita<\/b><span style=\"font-weight: 400;\">: scegli data e orario dal calendario. Durante la call parleremo delle tue idee, delle esigenze degli ospiti e definiremo il primo men\u00f9 personalizzato.<\/span><\/p>\t\t\t\t\t\t\t\t<\/div>\n\t\t\t\t<\/div>\n\t\t\t\t\t<\/details>\n\t\t\t\t\t\t<details id=\"e-n-accordion-item-1562\" class=\"e-n-accordion-item\" >\n\t\t\t\t<summary class=\"e-n-accordion-item-title\" data-accordion-index=\"3\" tabindex=\"-1\" aria-expanded=\"false\" aria-controls=\"e-n-accordion-item-1562\" >\n\t\t\t\t\t<span class='e-n-accordion-item-title-header'><div class=\"e-n-accordion-item-title-text\"> Perch\u00e9 devo fare la chiamata prima di prenotare la cena? <\/div><\/span>\n\t\t\t\t\t\t\t\t\t<\/summary>\n\t\t\t\t<div role=\"region\" aria-labelledby=\"e-n-accordion-item-1562\" class=\"elementor-element elementor-element-c3cf3d0 e-con-full e-flex e-con e-child\" data-id=\"c3cf3d0\" data-element_type=\"container\">\n\t\t\t\t<div class=\"elementor-element elementor-element-5728eba elementor-widget elementor-widget-text-editor\" data-id=\"5728eba\" data-element_type=\"widget\" data-widget_type=\"text-editor.default\">\n\t\t\t\t\t\t\t\t\t<p><span style=\"font-weight: 400;\">Perch\u00e9 per me non sei \u201cun cliente qualsiasi\u201d: voglio capire bene cosa ti piace, cosa non ti piace e che tipo di esperienza desideri. Solo cos\u00ec posso costruire un men\u00f9 che ti rappresenta davvero.<\/span><\/p>\t\t\t\t\t\t\t\t<\/div>\n\t\t\t\t<\/div>\n\t\t\t\t\t<\/details>\n\t\t\t\t\t\t<details id=\"e-n-accordion-item-1563\" class=\"e-n-accordion-item\" >\n\t\t\t\t<summary class=\"e-n-accordion-item-title\" data-accordion-index=\"4\" tabindex=\"-1\" aria-expanded=\"false\" aria-controls=\"e-n-accordion-item-1563\" >\n\t\t\t\t\t<span class='e-n-accordion-item-title-header'><div class=\"e-n-accordion-item-title-text\"> Posso vedere i tuoi men\u00f9? <\/div><\/span>\n\t\t\t\t\t\t\t\t\t<\/summary>\n\t\t\t\t<div role=\"region\" aria-labelledby=\"e-n-accordion-item-1563\" class=\"elementor-element elementor-element-80ed09f e-con-full e-flex e-con e-child\" data-id=\"80ed09f\" data-element_type=\"container\">\n\t\t\t\t<div class=\"elementor-element elementor-element-70d46ec elementor-widget elementor-widget-text-editor\" data-id=\"70d46ec\" data-element_type=\"widget\" data-widget_type=\"text-editor.default\">\n\t\t\t\t\t\t\t\t\t<p><span style=\"font-weight: 400;\">Certo. Dal sito puoi scaricare il PDF con alcune proposte gi\u00e0 pronte. Sono un punto di partenza, poi lo adattiamo insieme ai tuoi gusti e a eventuali intolleranze o preferenze.<\/span><\/p>\t\t\t\t\t\t\t\t<\/div>\n\t\t\t\t<\/div>\n\t\t\t\t\t<\/details>\n\t\t\t\t\t\t<details id=\"e-n-accordion-item-1564\" class=\"e-n-accordion-item\" >\n\t\t\t\t<summary class=\"e-n-accordion-item-title\" data-accordion-index=\"5\" tabindex=\"-1\" aria-expanded=\"false\" aria-controls=\"e-n-accordion-item-1564\" >\n\t\t\t\t\t<span class='e-n-accordion-item-title-header'><div class=\"e-n-accordion-item-title-text\"> E se ho allergie, intolleranze o sono vegano\/vegetariano? <\/div><\/span>\n\t\t\t\t\t\t\t\t\t<\/summary>\n\t\t\t\t<div role=\"region\" aria-labelledby=\"e-n-accordion-item-1564\" class=\"elementor-element elementor-element-78af604 e-con-full e-flex e-con e-child\" data-id=\"78af604\" data-element_type=\"container\">\n\t\t\t\t<div class=\"elementor-element elementor-element-2e411d5 elementor-widget elementor-widget-text-editor\" data-id=\"2e411d5\" data-element_type=\"widget\" data-widget_type=\"text-editor.default\">\n\t\t\t\t\t\t\t\t\t<p><span style=\"font-weight: 400;\">Nessun problema: cucino regolarmente per ospiti con esigenze particolari. Ogni men\u00f9 viene studiato insieme, cos\u00ec sei sicuro di avere piatti sicuri, creativi e allo stesso tempo gustosi.<\/span><\/p>\t\t\t\t\t\t\t\t<\/div>\n\t\t\t\t<\/div>\n\t\t\t\t\t<\/details>\n\t\t\t\t\t\t<details id=\"e-n-accordion-item-1565\" class=\"e-n-accordion-item\" >\n\t\t\t\t<summary class=\"e-n-accordion-item-title\" data-accordion-index=\"6\" tabindex=\"-1\" aria-expanded=\"false\" aria-controls=\"e-n-accordion-item-1565\" >\n\t\t\t\t\t<span class='e-n-accordion-item-title-header'><div class=\"e-n-accordion-item-title-text\"> Quante persone puoi gestire a casa mia? <\/div><\/span>\n\t\t\t\t\t\t\t\t\t<\/summary>\n\t\t\t\t<div role=\"region\" aria-labelledby=\"e-n-accordion-item-1565\" class=\"elementor-element elementor-element-882c944 e-con-full e-flex e-con e-child\" data-id=\"882c944\" data-element_type=\"container\">\n\t\t\t\t<div class=\"elementor-element elementor-element-7789a77 elementor-widget elementor-widget-text-editor\" data-id=\"7789a77\" data-element_type=\"widget\" data-widget_type=\"text-editor.default\">\n\t\t\t\t\t\t\t\t\t<p><span style=\"font-weight: 400;\">Dipende dallo spazio e dal tipo di evento. In genere preparo cene intime da 2 a 12 persone, ma posso arrivare anche a 20 ospiti per eventi pi\u00f9 grandi. Durante la call capiamo insieme la soluzione migliore.<\/span><\/p>\t\t\t\t\t\t\t\t<\/div>\n\t\t\t\t<\/div>\n\t\t\t\t\t<\/details>\n\t\t\t\t\t\t<details id=\"e-n-accordion-item-1566\" class=\"e-n-accordion-item\" >\n\t\t\t\t<summary class=\"e-n-accordion-item-title\" data-accordion-index=\"7\" tabindex=\"-1\" aria-expanded=\"false\" aria-controls=\"e-n-accordion-item-1566\" >\n\t\t\t\t\t<span class='e-n-accordion-item-title-header'><div class=\"e-n-accordion-item-title-text\"> Ti occupi tu della spesa? <\/div><\/span>\n\t\t\t\t\t\t\t\t\t<\/summary>\n\t\t\t\t<div role=\"region\" aria-labelledby=\"e-n-accordion-item-1566\" class=\"elementor-element elementor-element-e20d71b e-con-full e-flex e-con e-child\" data-id=\"e20d71b\" data-element_type=\"container\">\n\t\t\t\t<div class=\"elementor-element elementor-element-fbc9119 elementor-widget elementor-widget-text-editor\" data-id=\"fbc9119\" data-element_type=\"widget\" data-widget_type=\"text-editor.default\">\n\t\t\t\t\t\t\t\t\t<p><span style=\"font-weight: 400;\">S\u00ec, sempre. Scelgo personalmente le materie prime, cos\u00ec da garantire qualit\u00e0, freschezza e stagionalit\u00e0. Tu non devi pensare a nulla.<\/span><\/p>\t\t\t\t\t\t\t\t<\/div>\n\t\t\t\t<\/div>\n\t\t\t\t\t<\/details>\n\t\t\t\t\t\t<details id=\"e-n-accordion-item-1567\" class=\"e-n-accordion-item\" >\n\t\t\t\t<summary class=\"e-n-accordion-item-title\" data-accordion-index=\"8\" tabindex=\"-1\" aria-expanded=\"false\" aria-controls=\"e-n-accordion-item-1567\" >\n\t\t\t\t\t<span class='e-n-accordion-item-title-header'><div class=\"e-n-accordion-item-title-text\"> Devo avere una cucina attrezzata? <\/div><\/span>\n\t\t\t\t\t\t\t\t\t<\/summary>\n\t\t\t\t<div role=\"region\" aria-labelledby=\"e-n-accordion-item-1567\" class=\"elementor-element elementor-element-a15bac6 e-con-full e-flex e-con e-child\" data-id=\"a15bac6\" data-element_type=\"container\">\n\t\t\t\t<div class=\"elementor-element elementor-element-ff0fdae elementor-widget elementor-widget-text-editor\" data-id=\"ff0fdae\" data-element_type=\"widget\" data-widget_type=\"text-editor.default\">\n\t\t\t\t\t\t\t\t\t<p><span style=\"font-weight: 400;\">Non serve una cucina professionale: mi adatto agli spazi che hai a disposizione. Se manca qualcosa di fondamentale, porto io gli strumenti necessari.<\/span><\/p>\t\t\t\t\t\t\t\t<\/div>\n\t\t\t\t<\/div>\n\t\t\t\t\t<\/details>\n\t\t\t\t\t\t<details id=\"e-n-accordion-item-1568\" class=\"e-n-accordion-item\" >\n\t\t\t\t<summary class=\"e-n-accordion-item-title\" data-accordion-index=\"9\" tabindex=\"-1\" aria-expanded=\"false\" aria-controls=\"e-n-accordion-item-1568\" >\n\t\t\t\t\t<span class='e-n-accordion-item-title-header'><div class=\"e-n-accordion-item-title-text\"> Quanto dura una cena con te? <\/div><\/span>\n\t\t\t\t\t\t\t\t\t<\/summary>\n\t\t\t\t<div role=\"region\" aria-labelledby=\"e-n-accordion-item-1568\" class=\"elementor-element elementor-element-985fa1d e-con-full e-flex e-con e-child\" data-id=\"985fa1d\" data-element_type=\"container\">\n\t\t\t\t<div class=\"elementor-element elementor-element-ba5e4bc elementor-widget elementor-widget-text-editor\" data-id=\"ba5e4bc\" data-element_type=\"widget\" data-widget_type=\"text-editor.default\">\n\t\t\t\t\t\t\t\t\t<p><span style=\"font-weight: 400;\">In media dalle 3 alle 4 ore, dipende dal numero di portate e di ospiti. Io arrivo prima per preparare tutto e vado via solo quando la cucina \u00e8 pulita e in ordine.<\/span><\/p>\t\t\t\t\t\t\t\t<\/div>\n\t\t\t\t<\/div>\n\t\t\t\t\t<\/details>\n\t\t\t\t\t\t<details id=\"e-n-accordion-item-1569\" class=\"e-n-accordion-item\" >\n\t\t\t\t<summary class=\"e-n-accordion-item-title\" data-accordion-index=\"10\" tabindex=\"-1\" aria-expanded=\"false\" aria-controls=\"e-n-accordion-item-1569\" >\n\t\t\t\t\t<span class='e-n-accordion-item-title-header'><div class=\"e-n-accordion-item-title-text\"> Quanto costa un servizio di personal chef? <\/div><\/span>\n\t\t\t\t\t\t\t\t\t<\/summary>\n\t\t\t\t<div role=\"region\" aria-labelledby=\"e-n-accordion-item-1569\" class=\"elementor-element elementor-element-b638843 e-con-full e-flex e-con e-child\" data-id=\"b638843\" data-element_type=\"container\">\n\t\t\t\t<div class=\"elementor-element elementor-element-1fec380 elementor-widget elementor-widget-text-editor\" data-id=\"1fec380\" data-element_type=\"widget\" data-widget_type=\"text-editor.default\">\n\t\t\t\t\t\t\t\t\t<p><span style=\"font-weight: 400;\">Il prezzo varia in base al numero di ospiti, al men\u00f9 e ai servizi aggiuntivi (come mise en place o camerieri). Durante la chiamata ti preparo un preventivo chiaro e dettagliato, senza sorprese.<\/span><\/p>\t\t\t\t\t\t\t\t<\/div>\n\t\t\t\t<\/div>\n\t\t\t\t\t<\/details>\n\t\t\t\t\t\t<details id=\"e-n-accordion-item-15610\" class=\"e-n-accordion-item\" >\n\t\t\t\t<summary class=\"e-n-accordion-item-title\" data-accordion-index=\"11\" tabindex=\"-1\" aria-expanded=\"false\" aria-controls=\"e-n-accordion-item-15610\" >\n\t\t\t\t\t<span class='e-n-accordion-item-title-header'><div class=\"e-n-accordion-item-title-text\"> Posso regalare una cena con te? <\/div><\/span>\n\t\t\t\t\t\t\t\t\t<\/summary>\n\t\t\t\t<div role=\"region\" aria-labelledby=\"e-n-accordion-item-15610\" class=\"elementor-element elementor-element-9ee66ec e-con-full e-flex e-con e-child\" data-id=\"9ee66ec\" data-element_type=\"container\">\n\t\t\t\t<div class=\"elementor-element elementor-element-a85717a elementor-widget elementor-widget-text-editor\" data-id=\"a85717a\" data-element_type=\"widget\" data-widget_type=\"text-editor.default\">\n\t\t\t\t\t\t\t\t\t<p><span style=\"font-weight: 400;\">S\u00ec! Molti clienti scelgono di regalare un\u2019esperienza con personal chef. Posso preparare un <\/span><b>voucher regalo personalizzato<\/b><span style=\"font-weight: 400;\"> da consegnare alla persona speciale.<\/span><\/p>\t\t\t\t\t\t\t\t<\/div>\n\t\t\t\t<\/div>\n\t\t\t\t\t<\/details>\n\t\t\t\t\t<\/div>\n\t\t\t\t\t\t<\/div>\n\t\t\t\t<\/div>\n\t\t<div class=\"elementor-element elementor-element-ef144cc e-con-full e-flex e-con e-parent\" data-id=\"ef144cc\" data-element_type=\"container\">\n\t\t\t\t<div class=\"elementor-element elementor-element-99ec01b elementor-widget elementor-widget-shortcode\" data-id=\"99ec01b\" data-element_type=\"widget\" data-widget_type=\"shortcode.default\">\n\t\t\t\t\t\t\t<div class=\"elementor-shortcode\">\t\t<div data-elementor-type=\"container\" data-elementor-id=\"389\" class=\"elementor elementor-389\" data-elementor-post-type=\"elementor_library\">\n\t\t\t\t<div class=\"elementor-element elementor-element-a3f1bb1 e-con-full e-flex e-con e-parent\" data-id=\"a3f1bb1\" data-element_type=\"container\" data-settings=\"{&quot;background_background&quot;:&quot;classic&quot;}\">\n\t\t<div class=\"elementor-element elementor-element-bd703a0 e-con-full e-flex e-con e-child\" data-id=\"bd703a0\" data-element_type=\"container\">\n\t\t<div class=\"elementor-element elementor-element-cff92b8 e-con-full e-flex e-con e-child\" data-id=\"cff92b8\" data-element_type=\"container\">\n\t\t\t\t<div class=\"elementor-element elementor-element-9fcbb71 elementor-widget elementor-widget-heading\" data-id=\"9fcbb71\" data-element_type=\"widget\" data-widget_type=\"heading.default\">\n\t\t\t\t\t<h2 class=\"elementor-heading-title elementor-size-default\">Iniziamo a Progettare<\/h2>\t\t\t\t<\/div>\n\t\t\t\t<div class=\"elementor-element elementor-element-e2c0576 elementor-widget elementor-widget-heading\" data-id=\"e2c0576\" data-element_type=\"widget\" data-widget_type=\"heading.default\">\n\t\t\t\t\t<h2 class=\"elementor-heading-title elementor-size-default\">il tuo evento speciale<\/h2>\t\t\t\t<\/div>\n\t\t\t\t<\/div>\n\t\t\t\t<div class=\"elementor-element elementor-element-8b2e3b7 elementor-widget elementor-widget-text-editor\" data-id=\"8b2e3b7\" data-element_type=\"widget\" data-widget_type=\"text-editor.default\">\n\t\t\t\t\t\t\t\t\t<p class=\"font-claude-response-body whitespace-normal break-words\">Hai un&#8217;occasione speciale da celebrare o vuoi semplicemente goderti una cena gourmet senza pensieri? Contattami per una <strong>consulenza gratuita e senza impegno<\/strong>. Ti rispondo entro 24 ore per capire insieme come rendere perfetta la tua esperienza.<\/p>\t\t\t\t\t\t\t\t<\/div>\n\t\t\t\t<div class=\"elementor-element elementor-element-d934224 elementor-widget elementor-widget-button\" data-id=\"d934224\" data-element_type=\"widget\" data-widget_type=\"button.default\">\n\t\t\t\t\t\t\t\t\t\t<a class=\"elementor-button elementor-button-link elementor-size-sm\" href=\"https:\/\/denisegottanichef.it\/?page_id=1314\">\n\t\t\t\t\t\t<span class=\"elementor-button-content-wrapper\">\n\t\t\t\t\t\t\t\t\t<span class=\"elementor-button-text\">Prenota una Chiamata Gratuita<\/span>\n\t\t\t\t\t<\/span>\n\t\t\t\t\t<\/a>\n\t\t\t\t\t\t\t\t<\/div>\n\t\t\t\t<\/div>\n\t\t\t\t<\/div>\n\t\t\t\t<\/div>\n\t\t<\/div>\n\t\t\t\t\t\t<\/div>\n\t\t\t\t<\/div>\n\t\t\t\t<\/div>\n\t\t","protected":false},"excerpt":{"rendered":"<p>Le tue domande le mie risposte So che organizzare una cena speciale porta con s\u00e9 tanti dubbi. Qui trovi le risposte pi\u00f9 comuni, cos\u00ec arrivi sereno al grande momento. Che differenza c\u2019\u00e8 tra un personal chef e un catering? Un catering porta un men\u00f9 gi\u00e0 definito e uguale per tutti. Io invece creo un men\u00f9 [&hellip;]<\/p>\n","protected":false},"author":1,"featured_media":0,"parent":0,"menu_order":0,"comment_status":"closed","ping_status":"closed","template":"elementor_header_footer","meta":{"footnotes":""},"class_list":["post-364","page","type-page","status-publish","hentry"],"yoast_head":"<!-- This site is optimized with the Yoast SEO plugin v26.4 - https:\/\/yoast.com\/wordpress\/plugins\/seo\/ -->\n<title>FAQ - Denise Gottani Chef<\/title>\n<meta name=\"robots\" content=\"index, follow, max-snippet:-1, max-image-preview:large, max-video-preview:-1\" \/>\n<link rel=\"canonical\" href=\"https:\/\/denisegottanichef.it\/?page_id=364\" \/>\n<meta property=\"og:locale\" content=\"it_IT\" \/>\n<meta property=\"og:type\" content=\"article\" \/>\n<meta property=\"og:title\" content=\"FAQ - Denise Gottani Chef\" \/>\n<meta property=\"og:description\" content=\"Le tue domande le mie risposte So che organizzare una cena speciale porta con s\u00e9 tanti dubbi. Qui trovi le risposte pi\u00f9 comuni, cos\u00ec arrivi sereno al grande momento. Che differenza c\u2019\u00e8 tra un personal chef e un catering? Un catering porta un men\u00f9 gi\u00e0 definito e uguale per tutti. Io invece creo un men\u00f9 [&hellip;]\" \/>\n<meta property=\"og:url\" content=\"https:\/\/denisegottanichef.it\/?page_id=364\" \/>\n<meta property=\"og:site_name\" content=\"Denise Gottani Chef\" \/>\n<meta property=\"article:modified_time\" content=\"2025-11-20T10:20:12+00:00\" \/>\n<meta name=\"twitter:card\" content=\"summary_large_image\" \/>\n<meta name=\"twitter:label1\" content=\"Tempo di lettura stimato\" \/>\n\t<meta name=\"twitter:data1\" content=\"5 minuti\" \/>\n<script type=\"application\/ld+json\" class=\"yoast-schema-graph\">{\"@context\":\"https:\/\/schema.org\",\"@graph\":[{\"@type\":\"WebPage\",\"@id\":\"https:\/\/denisegottanichef.it\/?page_id=364\",\"url\":\"https:\/\/denisegottanichef.it\/?page_id=364\",\"name\":\"FAQ - Denise Gottani Chef\",\"isPartOf\":{\"@id\":\"https:\/\/denisegottanichef.it\/#website\"},\"datePublished\":\"2025-10-16T10:09:24+00:00\",\"dateModified\":\"2025-11-20T10:20:12+00:00\",\"breadcrumb\":{\"@id\":\"https:\/\/denisegottanichef.it\/?page_id=364#breadcrumb\"},\"inLanguage\":\"it-IT\",\"potentialAction\":[{\"@type\":\"ReadAction\",\"target\":[\"https:\/\/denisegottanichef.it\/?page_id=364\"]}]},{\"@type\":\"BreadcrumbList\",\"@id\":\"https:\/\/denisegottanichef.it\/?page_id=364#breadcrumb\",\"itemListElement\":[{\"@type\":\"ListItem\",\"position\":1,\"name\":\"Home\",\"item\":\"https:\/\/denisegottanichef.it\/\"},{\"@type\":\"ListItem\",\"position\":2,\"name\":\"FAQ\"}]},{\"@type\":\"WebSite\",\"@id\":\"https:\/\/denisegottanichef.it\/#website\",\"url\":\"https:\/\/denisegottanichef.it\/\",\"name\":\"Denise Gottani Chef\",\"description\":\"\",\"potentialAction\":[{\"@type\":\"SearchAction\",\"target\":{\"@type\":\"EntryPoint\",\"urlTemplate\":\"https:\/\/denisegottanichef.it\/?s={search_term_string}\"},\"query-input\":{\"@type\":\"PropertyValueSpecification\",\"valueRequired\":true,\"valueName\":\"search_term_string\"}}],\"inLanguage\":\"it-IT\"}]}<\/script>\n<!-- \/ Yoast SEO plugin. -->","yoast_head_json":{"title":"FAQ - Denise Gottani Chef","robots":{"index":"index","follow":"follow","max-snippet":"max-snippet:-1","max-image-preview":"max-image-preview:large","max-video-preview":"max-video-preview:-1"},"canonical":"https:\/\/denisegottanichef.it\/?page_id=364","og_locale":"it_IT","og_type":"article","og_title":"FAQ - Denise Gottani Chef","og_description":"Le tue domande le mie risposte So che organizzare una cena speciale porta con s\u00e9 tanti dubbi. Qui trovi le risposte pi\u00f9 comuni, cos\u00ec arrivi sereno al grande momento. Che differenza c\u2019\u00e8 tra un personal chef e un catering? Un catering porta un men\u00f9 gi\u00e0 definito e uguale per tutti. Io invece creo un men\u00f9 [&hellip;]","og_url":"https:\/\/denisegottanichef.it\/?page_id=364","og_site_name":"Denise Gottani Chef","article_modified_time":"2025-11-20T10:20:12+00:00","twitter_card":"summary_large_image","twitter_misc":{"Tempo di lettura stimato":"5 minuti"},"schema":{"@context":"https:\/\/schema.org","@graph":[{"@type":"WebPage","@id":"https:\/\/denisegottanichef.it\/?page_id=364","url":"https:\/\/denisegottanichef.it\/?page_id=364","name":"FAQ - Denise Gottani Chef","isPartOf":{"@id":"https:\/\/denisegottanichef.it\/#website"},"datePublished":"2025-10-16T10:09:24+00:00","dateModified":"2025-11-20T10:20:12+00:00","breadcrumb":{"@id":"https:\/\/denisegottanichef.it\/?page_id=364#breadcrumb"},"inLanguage":"it-IT","potentialAction":[{"@type":"ReadAction","target":["https:\/\/denisegottanichef.it\/?page_id=364"]}]},{"@type":"BreadcrumbList","@id":"https:\/\/denisegottanichef.it\/?page_id=364#breadcrumb","itemListElement":[{"@type":"ListItem","position":1,"name":"Home","item":"https:\/\/denisegottanichef.it\/"},{"@type":"ListItem","position":2,"name":"FAQ"}]},{"@type":"WebSite","@id":"https:\/\/denisegottanichef.it\/#website","url":"https:\/\/denisegottanichef.it\/","name":"Denise Gottani Chef","description":"","potentialAction":[{"@type":"SearchAction","target":{"@type":"EntryPoint","urlTemplate":"https:\/\/denisegottanichef.it\/?s={search_term_string}"},"query-input":{"@type":"PropertyValueSpecification","valueRequired":true,"valueName":"search_term_string"}}],"inLanguage":"it-IT"}]}},"_links":{"self":[{"href":"https:\/\/denisegottanichef.it\/index.php?rest_route=\/wp\/v2\/pages\/364","targetHints":{"allow":["GET"]}}],"collection":[{"href":"https:\/\/denisegottanichef.it\/index.php?rest_route=\/wp\/v2\/pages"}],"about":[{"href":"https:\/\/denisegottanichef.it\/index.php?rest_route=\/wp\/v2\/types\/page"}],"author":[{"embeddable":true,"href":"https:\/\/denisegottanichef.it\/index.php?rest_route=\/wp\/v2\/users\/1"}],"replies":[{"embeddable":true,"href":"https:\/\/denisegottanichef.it\/index.php?rest_route=%2Fwp%2Fv2%2Fcomments&post=364"}],"version-history":[{"count":54,"href":"https:\/\/denisegottanichef.it\/index.php?rest_route=\/wp\/v2\/pages\/364\/revisions"}],"predecessor-version":[{"id":1941,"href":"https:\/\/denisegottanichef.it\/index.php?rest_route=\/wp\/v2\/pages\/364\/revisions\/1941"}],"wp:attachment":[{"href":"https:\/\/denisegottanichef.it\/index.php?rest_route=%2Fwp%2Fv2%2Fmedia&parent=364"}],"curies":[{"name":"wp","href":"https:\/\/api.w.org\/{rel}","templated":true}]}}